{"id":521,"date":"2023-07-09T13:21:15","date_gmt":"2023-07-09T16:21:15","guid":{"rendered":"https:\/\/melhordespachante.com.br\/cidadaniaportuguesa\/?page_id=521"},"modified":"2025-07-04T12:15:08","modified_gmt":"2025-07-04T15:15:08","slug":"filho-de-cidadao-portugues","status":"publish","type":"page","link":"https:\/\/melhordespachante.com.br\/cidadaniaportuguesa\/filho-de-cidadao-portugues\/","title":{"rendered":"Filho de cidad\u00e3o portugu\u00eas"},"content":{"rendered":"<h2>Filho de cidad\u00e3o portugu\u00eas<\/h2>\n<h3 class=\"section section-info\"><strong>Nacionalidade por descend\u00eancia (Pais \/ Av\u00f3s)<\/strong><\/h3>\n<p>A nacionalidade portuguesa pode ser obtida por atribui\u00e7\u00e3o de descend\u00eancia.<br \/>\nO que isso quer dizer?<br \/>\nQue a lei portuguesa reconhece os descendentes de portugueses leg\u00edtimos, <strong>concedendo cidadania a filhos e netos de portugueses<\/strong>, mesmo se nascidos no estrangeiro.<br \/>\nDeste modo, <strong>filhos e netos de cidad\u00e3os portugueses<\/strong> t\u00eam direito \u00e0 ter nacionalidade portuguesa.<br \/>\nBasta dar entrada no pedido munido de todos os documentos para obter direito de gozar da cidadania portuguesa!<br \/>\nE \u00e9 justamente a\u00ed que entra nossos servi\u00e7os! Leia abaixo.<\/p>\n<p><strong>Como Podemos Ajudar Voc\u00ea?<\/strong><\/p>\n<p>Nosso servi\u00e7o consiste em <strong>consultoria completa<\/strong>, atuando em todo processo de sua nacionalidade portuguesa, <strong>diretamente em Portugal.<\/strong><br \/>\nAtuamos em todo o processo &#8211; desde o servi\u00e7o t\u00e9cnico inicial de pesquisa de ancestralidade, coleta e sele\u00e7\u00e3o de documentos, averba\u00e7\u00e3o de certid\u00f5es e transcri\u00e7\u00e3o de Casamentos e\/ou Div\u00f3rcios para a atualiza\u00e7\u00e3o do estado civil perante as Conservat\u00f3rias portuguesas &#8211; al\u00e9m de acompanhamento durante todo o processo de seu pedido de cidadania portuguesa.<br \/>\nPara servi\u00e7os t\u00e3o abrangentes, conhe\u00e7a abaixo nossos principais diferenciais:<\/p>\n<h3><strong>Nosso Diferencial:<\/strong><\/h3>\n<ul>\n<li>Nossa equipe conta com <strong>advogados(as) em Portugal<\/strong>: aptos a ingressar com pedidos e recursos em conservat\u00f3rias e \u00f3rg\u00e3os portugueses relacionados ao processo de nacionalidade<strong>.<\/strong><\/li>\n<li>Nosso atendimento \u00e9 100% online, com envio de documentos via Correios quando necess\u00e1rio.<\/li>\n<li>Nosso atendimento \u00e9 \u00e1gil, sem a burocracia e demora presente em demandas documentais.<\/li>\n<li>Temos ampla experi\u00eancia j\u00e1 tendo conduzido diversos processos de pedido de cidadania com \u00eaxito.<\/li>\n<li>Atuamos em modo avulso (apenas em Pesquisa de Ancestralidade, ou em averba\u00e7\u00e3o e transcri\u00e7\u00e3o de casamentos e div\u00f3rcios) ou em pacote completo do processo de cidadania:<br \/>\ndeste modo o cliente tem a liberdade de fracionar o pedido de servi\u00e7os.<\/li>\n<\/ul>\n<blockquote>\n<h2>Estamos diretamente em Lisboa, sem a necessidade de intermedia\u00e7\u00e3o de consulados, refletindo menor prazo em seu pedido de cidadania.<\/h2>\n<\/blockquote>\n<div class=\"custombtn\"><a class=\"morebutton hvr-float-shadow\" href=\"https:\/\/web.whatsapp.com\/send?phone=5521981059767\" target=\"\">SOLICITE OR\u00c7AMENTO<\/a><\/div>\n[\/su_note]\n<blockquote>\n<h3>Obtenha sua cidadania europeia atrav\u00e9s de descend\u00eancia portuguesa.<\/h3>\n<\/blockquote>\n<p>A nacionalidade portuguesa &#8211; ou <strong>Cidadania Portuguesa<\/strong> &#8211; \u00e9 o processo que permite que brasileiros (e demais estrangeiros) possam <strong>viver legalmente em Portugal<\/strong>.<br \/>\nA\u00a0 lei portuguesa beneficia <strong>filhos(as) e netos(as) de cidad\u00e3os portugueses<\/strong>, havendo a descend\u00eancia \u00e9 necess\u00e1rio requerer atrav\u00e9s de processo de solicita\u00e7\u00e3o de nacionalidade portuguesa.<br \/>\n<em>E \u00e9 justamente nisto consiste nosso servi\u00e7o!<br \/>\nSaiba mais abaixo:<\/em><\/p>\n<div class=\"su-note\"  style=\"border-color:#d4d4d4;border-radius:3px;-moz-border-radius:3px;-webkit-border-radius:3px;\"><div class=\"su-note-inner su-u-clearfix su-u-trim\" style=\"background-color:#eeeeee;border-color:#ffffff;color:#333333;border-radius:3px;-moz-border-radius:3px;-webkit-border-radius:3px;\">\n<h3><strong>Conte com nosso parceiro em Lisboa para:<\/strong><\/h3>\n<ul>\n<li><strong>Processos de Nacionalidade para Filhos e Netos de Portugueses (ou bisneto com pais vivos)<\/strong><\/li>\n<li><strong>Transcri\u00e7\u00e3o de casamentos e Homologa\u00e7\u00e3o de senten\u00e7a estrangeira de Div\u00f3rcio, com dilig\u00eancia junto a Conservat\u00f3rias para Emiss\u00e3o de Certid\u00e3o portuguesa<\/strong><\/li>\n<li><strong>Busca de Certid\u00f5es portuguesas<\/strong><\/li>\n<li><strong>Dilig\u00eancia para distribui\u00e7\u00e3o de processo de nacionalidade<\/strong><\/li>\n<li><strong>Acompanhamento de processos junto \u00e0 Conservat\u00f3ria Central de Lisboa (mediante outorga de procura\u00e7\u00e3o e substabelecimento)<\/strong><\/li>\n<li><strong>Dilig\u00eancias para certifica\u00e7\u00e3o de fotocopias e Reconhecimento de assinaturas.<\/strong><\/li>\n<li><strong>Emiss\u00e3o de NIF com op\u00e7\u00e3o de Representa\u00e7\u00e3o Fiscal<\/strong><\/li>\n<li><strong>Agendamento e emiss\u00e3o de NISS<\/strong><\/li>\n<\/ul>\n<p>E demais servi\u00e7os relacionados.<\/p>\n<\/div><\/div>\n<h2><a href=\"https:\/\/api.whatsapp.com\/send?phone=5521981059767\">CLIQUE AQUI E SOLICITE UM OR\u00c7AMENTO:<\/a><\/h2>\n<p><a href=\"https:\/\/api.whatsapp.com\/send?phone=5521981059767\" target=\"_blank\" rel=\"noopener\">Como Tirar Cidadania Portuguesa Para Filhos?<\/a><br \/>\n<a href=\"https:\/\/api.whatsapp.com\/send?phone=5521981059767\">Como Tirar Cidadania Portuguesa Para Netos?<\/a><br \/>\n<a href=\"https:\/\/api.whatsapp.com\/send?phone=5521981059767\">Como Tirar Cidadania Portuguesa Para Bisnetos?<\/a><br \/>\n<a href=\"https:\/\/api.whatsapp.com\/send?phone=5521981059767\">Quanto custa cidadania portuguesa para netos?<\/a><br \/>\n<a href=\"https:\/\/api.whatsapp.com\/send?phone=5521981059767\">Como conseguir a certid\u00e3o de nascimento do meu av\u00f4 portugu\u00eas?<\/a><br \/>\n<a href=\"https:\/\/api.whatsapp.com\/send?phone=5521981059767\">Como pedir cidadania portuguesa sendo neto?<\/a><br \/>\n<a href=\"https:\/\/api.whatsapp.com\/send?phone=5521981059767\">Quanto tempo demora para sair a cidadania portuguesa para netos?<\/a><br \/>\n<a href=\"https:\/\/api.whatsapp.com\/send?phone=5521981059767\">Naturaliza\u00e7\u00e3o Portuguesa?<\/a><br \/>\n<a href=\"https:\/\/api.whatsapp.com\/send?phone=5521981059767\">Neto de Portugues com av\u00f4 falecido tem direito!<\/a><br \/>\n<a href=\"https:\/\/api.whatsapp.com\/send?phone=5521981059767\">Cidadania Portuguesa de Av\u00f4 falecido?<\/a><br \/>\n<a href=\"https:\/\/api.whatsapp.com\/send?phone=5521981059767\">Bisneta de Portugueses e av\u00f4 falecido?<\/a><br \/>\n<a href=\"https:\/\/api.whatsapp.com\/send?phone=5521981059767\">Cidadania portuguesa para bisnetos?<\/a><br \/>\n<a href=\"https:\/\/api.whatsapp.com\/send?phone=5521981059767\">Cidadania portuguesa para netos?<\/a><br \/>\n<a href=\"https:\/\/api.whatsapp.com\/send?phone=5521981059767\">solicitar cidadania portuguesa para netos?<\/a><br \/>\n<a href=\"https:\/\/api.whatsapp.com\/send?phone=5521981059767\">cidadania portuguesa para netos?<\/a><br \/>\n<a href=\"https:\/\/api.whatsapp.com\/send?phone=5521981059767\">cidadania para netos de portugu\u00eas?<\/a><br \/>\n<a href=\"https:\/\/api.whatsapp.com\/send?phone=5521981059767\">cidadania portuguesa neto quanto tempo?<\/a><br \/>\n<a href=\"https:\/\/api.whatsapp.com\/send?phone=5521981059767\">cidadania portuguesa para neto brasileiro?<\/a><br \/>\n<a href=\"https:\/\/api.whatsapp.com\/send?phone=5521981059767\">cidadania portuguesa para netos nova lei?<\/a><br \/>\n<a href=\"https:\/\/api.whatsapp.com\/send?phone=5521981059767\">cidadania portuguesa para netos quanto custa?<\/a><\/p>\n<h2>Por que fazer seu processo conosco?<\/h2>\n<p>Nosso parceiro est\u00e1 em Lisboa e deste modo atuamos com muito mais agilidade, sobretudo junto \u00e0s conservat\u00f3rias, realizando dilig\u00eancias presenciais diariamente, alem de ter aporte de advogada apta a prestar <strong>consultoria completa do in\u00edcio ao fim de seu processo, <\/strong>coletando documentos, fazendo o apostilamento nos padr\u00f5es exigidos (padr\u00e3o de Haia) e dando entrada imediata em seu pedido da sonhada nacionalidade portuguesa!<\/p>\n<blockquote>\n<h2>Atuamos em todo o processo em parceria com advogada em Portugal, acompanhando seu processo do in\u00edcio ao fim!<\/h2>\n<\/blockquote>\n<div class=\"su-spoiler su-spoiler-style-fancy su-spoiler-icon-caret su-spoiler-closed\" data-scroll-offset=\"0\" data-anchor-in-url=\"no\"><div class=\"su-spoiler-title\" tabindex=\"0\" role=\"button\"><span class=\"su-spoiler-icon\"><\/span>Atrav\u00e9s do Casamento Com Portugu\u00eas(a)<\/div><div class=\"su-spoiler-content su-u-clearfix su-u-trim\">\n<h2>Aquisi\u00e7\u00e3o de Nacionalidade por casamento com portugu\u00eas(a)<\/h2>\n<p>O estrangeiro casado h\u00e1 mais de tr\u00eas anos com cidad\u00e3o portugu\u00eas &#8211; ou que viva em uni\u00e3o de fato h\u00e1 mais de tr\u00eas anos &#8211; poder\u00e1 requerer a nacionalidade tamb\u00e9m por por esta via.<br \/>\nFrequentemente atendemos a estes pedidos, atuando em processos de pedido de cidadania para brasileiros(as) casados ou em uni\u00e3o est\u00e1vel com Portugueses, desde que em per\u00edodo igual ou superior a tr\u00eas anos.<\/p>\n<h2>Como Podemos Ajudar Voc\u00ea?<\/h2>\n<p>Nosso servi\u00e7o consiste em prestar <strong>consultoria completa <\/strong>em Portugal, coletando e averbando documentos necess\u00e1rios a esta modalidade de pedido de nacionalidade portuguesa.<br \/>\nAtuamos em todo o processo com advogados(as) em Portugal, al\u00e9m de\u00a0 acompanhar o processo at\u00e9 a sua conclus\u00e3o.<\/p>\n<\/div><\/div>\n<div class=\"su-spoiler su-spoiler-style-fancy su-spoiler-icon-caret su-spoiler-closed\" data-scroll-offset=\"0\" data-anchor-in-url=\"no\"><div class=\"su-spoiler-title\" tabindex=\"0\" role=\"button\"><span class=\"su-spoiler-icon\"><\/span>Nacionalidade Filhos de Imigrantes<\/div><div class=\"su-spoiler-content su-u-clearfix su-u-trim\">\n<h2>Atribui\u00e7\u00e3o de nacionalidade a filhos(as) de imigrantes<\/h2>\n<p>Uma das mais recente e bem vindas altera\u00e7\u00f5es da Lei de Nacionalidade Portuguesa, visa conceder o direito \u00e0 <strong>crian\u00e7as nascidas em Portugal<\/strong>, cujos pais residam legalmente h\u00e1 pelo menos 1 ano no pa\u00eds, o direito de naturalizar os filhos como cidad\u00e3os portugueses.<br \/>\nEsta op\u00e7\u00e3o pode inclusive garantir aos pais o t\u00edtulo de resid\u00eancia por ser <strong>ascendente de cidad\u00e3o portugu\u00eas origin\u00e1rio<\/strong> e, consequentemente, pode elevar os pais da crian\u00e7a em Portugal nascida a condi\u00e7\u00e3o de adquirir a nacionalidade portuguesa.<\/p>\n<h2>Como Podemos Ajudar Voc\u00ea?<\/h2>\n<p>Nosso servi\u00e7o consiste em prestar <strong>consultoria completa<\/strong>, em Portugal, coletando e averbando documentos bem como a certid\u00e3o da crian\u00e7a, em solo portugu\u00eas nascida, visando atribuir a cidadania por ascend\u00eancia aos pais,\u00a0 de modo \u00e1gil e concomitante ao pedido de reconhecimento da nacionalidade da crian\u00e7a.<br \/>\nAtuamos em todo o processo com advogados(as) em Portugal, al\u00e9m de\u00a0 acompanhar o processo at\u00e9 a sua conclus\u00e3o.<\/p>\n<\/div><\/div>\n<div class=\"su-spoiler su-spoiler-style-fancy su-spoiler-icon-caret su-spoiler-closed\" data-scroll-offset=\"0\" data-anchor-in-url=\"no\"><div class=\"su-spoiler-title\" tabindex=\"0\" role=\"button\"><span class=\"su-spoiler-icon\"><\/span>Descendentes de Judeus Sefarditas<\/div><div class=\"su-spoiler-content su-u-clearfix su-u-trim\">\n<h2>Descendentes de Judeus Sefarditas<\/h2>\n<p>Havendo a comprova\u00e7\u00e3o da descend\u00eancia judaica, mediante a obten\u00e7\u00e3o de Certificado da Comunidade Judaica Portuguesa, \u00e9 poss\u00edvel aos desentendes de judeus sefarditas obterem a nacionalidade portuguesa.<\/p>\n<h2>Como Podemos Ajudar Voc\u00ea?<\/h2>\n<p>Para esta hip\u00f3tese <strong>atuamos com parceiros especializados em estudos e \u00e1rvores geneal\u00f3gicas<\/strong> visando demonstrar o cumprimento dos requisitos necess\u00e1rios e estabelecimento da perten\u00e7a.<br \/>\nAp\u00f3s a elabora\u00e7\u00e3o do estudo geneal\u00f3gico, atuamos em busca da certifica\u00e7\u00e3o do mesmo junto da comunidade israelita em Portugal e, por fim, iniciamos o processo e acompanhamento da nacionalidade junto \u00e0 uma conservat\u00f3ria em Portugal.<\/p>\n<\/div><\/div>\n<h2>SOLICITE UM OR\u00c7AMENTO:<\/h2>\n\n<div class=\"wpcf7 no-js\" id=\"wpcf7-f141-o1\" lang=\"pt-BR\" dir=\"ltr\" data-wpcf7-id=\"141\">\n<div class=\"screen-reader-response\"><p role=\"status\" aria-live=\"polite\" aria-atomic=\"true\"><\/p> <ul><\/ul><\/div>\n<form action=\"\/cidadaniaportuguesa\/wp-json\/wp\/v2\/pages\/521#wpcf7-f141-o1\" method=\"post\" class=\"wpcf7-form init\" aria-label=\"Formul\u00e1rios de contato\" novalidate=\"novalidate\" data-status=\"init\">\n<fieldset class=\"hidden-fields-container\"><input type=\"hidden\" name=\"_wpcf7\" value=\"141\" \/><input type=\"hidden\" name=\"_wpcf7_version\" value=\"6.1.1\" \/><input type=\"hidden\" name=\"_wpcf7_locale\" value=\"pt_BR\" \/><input type=\"hidden\" name=\"_wpcf7_unit_tag\" value=\"wpcf7-f141-o1\" \/><input type=\"hidden\" name=\"_wpcf7_container_post\" value=\"0\" \/><input type=\"hidden\" name=\"_wpcf7_posted_data_hash\" value=\"\" \/>\n<\/fieldset>\n<p><label> Seu nome<br \/>\n<span class=\"wpcf7-form-control-wrap\" data-name=\"your-name\"><input size=\"40\" maxlength=\"400\" class=\"wpcf7-form-control wpcf7-text wpcf7-validates-as-required\" aria-required=\"true\" aria-invalid=\"false\" value=\"\" type=\"text\" name=\"your-name\" \/><\/span> <\/label>\n<\/p>\n<p><label> Seu e-mail<br \/>\n<span class=\"wpcf7-form-control-wrap\" data-name=\"your-email\"><input size=\"40\" maxlength=\"400\" class=\"wpcf7-form-control wpcf7-email wpcf7-validates-as-required wpcf7-text wpcf7-validates-as-email\" aria-required=\"true\" aria-invalid=\"false\" value=\"\" type=\"email\" name=\"your-email\" \/><\/span> <\/label>\n<\/p>\n<p><label> Assunto<br \/>\n<span class=\"wpcf7-form-control-wrap\" data-name=\"your-subject\"><input size=\"40\" maxlength=\"400\" class=\"wpcf7-form-control wpcf7-text wpcf7-validates-as-required\" aria-required=\"true\" aria-invalid=\"false\" value=\"\" type=\"text\" name=\"your-subject\" \/><\/span> <\/label>\n<\/p>\n<p><label> Seu Telefone<br \/>\n<span class=\"wpcf7-form-control-wrap\" data-name=\"your-telefone\"><input size=\"40\" maxlength=\"400\" class=\"wpcf7-form-control wpcf7-text\" aria-invalid=\"false\" value=\"\" type=\"text\" name=\"your-telefone\" \/><\/span> <\/label>\n<\/p>\n<p><input class=\"wpcf7-form-control wpcf7-submit has-spinner\" type=\"submit\" value=\"Enviar\" \/>\n<\/p><div class=\"wpcf7-response-output\" aria-hidden=\"true\"><\/div>\n<\/form>\n<\/div>\n\n","protected":false},"excerpt":{"rendered":"<p>Filho de cidad\u00e3o portugu\u00eas Nacionalidade por descend\u00eancia (Pais \/ Av\u00f3s) A nacionalidade portuguesa pode ser obtida por atribui\u00e7\u00e3o de descend\u00eancia. O que isso quer dizer? Que a lei portuguesa reconhece os descendentes de portugueses leg\u00edtimos, concedendo cidadania a filhos e netos de portugueses, mesmo se nascidos no estrangeiro. Deste modo, filhos e netos de cidad\u00e3os portugueses t\u00eam direito \u00e0 ter nacionalidade portuguesa. Basta dar entrada no pedido munido de todos os documentos para obter direito de gozar da cidadania portuguesa! E \u00e9 justamente a\u00ed que entra nossos servi\u00e7os! Leia abaixo. Como Podemos Ajudar Voc\u00ea? Nosso servi\u00e7o consiste em consultoria completa,&#8230; <\/p>\n","protected":false},"author":2,"featured_media":0,"parent":0,"menu_order":0,"comment_status":"closed","ping_status":"closed","template":"","meta":{"footnotes":"","_links_to":"","_links_to_target":""},"class_list":["post-521","page","type-page","status-publish","hentry"],"yoast_head":"<!-- This site is optimized with the Yoast SEO plugin v25.7 - https:\/\/yoast.com\/wordpress\/plugins\/seo\/ -->\n<title>Filho de cidad\u00e3o portugu\u00eas - Nacionalidade Portuguesa<\/title>\n<meta name=\"description\" content=\"Pedir Cidadania Portuguesa, obter nacionalidade portuguesa, pedir nacionalidade para Filho de cidad\u00e3o portugu\u00eas, passaporte de Portugal\" \/>\n<meta name=\"robots\" content=\"index, follow, max-snippet:-1, max-image-preview:large, max-video-preview:-1\" \/>\n<link rel=\"canonical\" href=\"https:\/\/melhordespachante.com.br\/cidadaniaportuguesa\/filho-de-cidadao-portugues\/\" \/>\n<meta property=\"og:locale\" content=\"pt_BR\" \/>\n<meta property=\"og:type\" content=\"article\" \/>\n<meta property=\"og:title\" content=\"Filho de cidad\u00e3o portugu\u00eas - Nacionalidade Portuguesa\" \/>\n<meta property=\"og:description\" content=\"Pedir Cidadania Portuguesa, obter nacionalidade portuguesa, pedir nacionalidade para Filho de cidad\u00e3o portugu\u00eas, passaporte de Portugal\" \/>\n<meta property=\"og:url\" content=\"https:\/\/melhordespachante.com.br\/cidadaniaportuguesa\/filho-de-cidadao-portugues\/\" \/>\n<meta property=\"og:site_name\" content=\"Nacionalidade Portuguesa\" \/>\n<meta property=\"article:modified_time\" content=\"2025-07-04T15:15:08+00:00\" \/>\n<meta name=\"twitter:card\" content=\"summary_large_image\" \/>\n<meta name=\"twitter:label1\" content=\"Est. tempo de leitura\" \/>\n\t<meta name=\"twitter:data1\" content=\"6 minutos\" \/>\n<script type=\"application\/ld+json\" class=\"yoast-schema-graph\">{\"@context\":\"https:\/\/schema.org\",\"@graph\":[{\"@type\":\"WebPage\",\"@id\":\"https:\/\/melhordespachante.com.br\/cidadaniaportuguesa\/filho-de-cidadao-portugues\/\",\"url\":\"https:\/\/melhordespachante.com.br\/cidadaniaportuguesa\/filho-de-cidadao-portugues\/\",\"name\":\"Filho de cidad\u00e3o portugu\u00eas - Nacionalidade Portuguesa\",\"isPartOf\":{\"@id\":\"https:\/\/melhordespachante.com.br\/cidadaniaportuguesa\/#website\"},\"datePublished\":\"2023-07-09T16:21:15+00:00\",\"dateModified\":\"2025-07-04T15:15:08+00:00\",\"description\":\"Pedir Cidadania Portuguesa, obter nacionalidade portuguesa, pedir nacionalidade para Filho de cidad\u00e3o portugu\u00eas, passaporte de Portugal\",\"breadcrumb\":{\"@id\":\"https:\/\/melhordespachante.com.br\/cidadaniaportuguesa\/filho-de-cidadao-portugues\/#breadcrumb\"},\"inLanguage\":\"pt-BR\",\"potentialAction\":[{\"@type\":\"ReadAction\",\"target\":[\"https:\/\/melhordespachante.com.br\/cidadaniaportuguesa\/filho-de-cidadao-portugues\/\"]}]},{\"@type\":\"BreadcrumbList\",\"@id\":\"https:\/\/melhordespachante.com.br\/cidadaniaportuguesa\/filho-de-cidadao-portugues\/#breadcrumb\",\"itemListElement\":[{\"@type\":\"ListItem\",\"position\":1,\"name\":\"In\u00edcio\",\"item\":\"https:\/\/melhordespachante.com.br\/cidadaniaportuguesa\/\"},{\"@type\":\"ListItem\",\"position\":2,\"name\":\"Filho de cidad\u00e3o portugu\u00eas\"}]},{\"@type\":\"WebSite\",\"@id\":\"https:\/\/melhordespachante.com.br\/cidadaniaportuguesa\/#website\",\"url\":\"https:\/\/melhordespachante.com.br\/cidadaniaportuguesa\/\",\"name\":\"Nacionalidade Portuguesa\",\"description\":\"Processo de Nacionalidade e Visto\",\"potentialAction\":[{\"@type\":\"SearchAction\",\"target\":{\"@type\":\"EntryPoint\",\"urlTemplate\":\"https:\/\/melhordespachante.com.br\/cidadaniaportuguesa\/?s={search_term_string}\"},\"query-input\":{\"@type\":\"PropertyValueSpecification\",\"valueRequired\":true,\"valueName\":\"search_term_string\"}}],\"inLanguage\":\"pt-BR\"}]}<\/script>\n<!-- \/ Yoast SEO plugin. -->","yoast_head_json":{"title":"Filho de cidad\u00e3o portugu\u00eas - Nacionalidade Portuguesa","description":"Pedir Cidadania Portuguesa, obter nacionalidade portuguesa, pedir nacionalidade para Filho de cidad\u00e3o portugu\u00eas, passaporte de Portugal","robots":{"index":"index","follow":"follow","max-snippet":"max-snippet:-1","max-image-preview":"max-image-preview:large","max-video-preview":"max-video-preview:-1"},"canonical":"https:\/\/melhordespachante.com.br\/cidadaniaportuguesa\/filho-de-cidadao-portugues\/","og_locale":"pt_BR","og_type":"article","og_title":"Filho de cidad\u00e3o portugu\u00eas - Nacionalidade Portuguesa","og_description":"Pedir Cidadania Portuguesa, obter nacionalidade portuguesa, pedir nacionalidade para Filho de cidad\u00e3o portugu\u00eas, passaporte de Portugal","og_url":"https:\/\/melhordespachante.com.br\/cidadaniaportuguesa\/filho-de-cidadao-portugues\/","og_site_name":"Nacionalidade Portuguesa","article_modified_time":"2025-07-04T15:15:08+00:00","twitter_card":"summary_large_image","twitter_misc":{"Est. tempo de leitura":"6 minutos"},"schema":{"@context":"https:\/\/schema.org","@graph":[{"@type":"WebPage","@id":"https:\/\/melhordespachante.com.br\/cidadaniaportuguesa\/filho-de-cidadao-portugues\/","url":"https:\/\/melhordespachante.com.br\/cidadaniaportuguesa\/filho-de-cidadao-portugues\/","name":"Filho de cidad\u00e3o portugu\u00eas - Nacionalidade Portuguesa","isPartOf":{"@id":"https:\/\/melhordespachante.com.br\/cidadaniaportuguesa\/#website"},"datePublished":"2023-07-09T16:21:15+00:00","dateModified":"2025-07-04T15:15:08+00:00","description":"Pedir Cidadania Portuguesa, obter nacionalidade portuguesa, pedir nacionalidade para Filho de cidad\u00e3o portugu\u00eas, passaporte de Portugal","breadcrumb":{"@id":"https:\/\/melhordespachante.com.br\/cidadaniaportuguesa\/filho-de-cidadao-portugues\/#breadcrumb"},"inLanguage":"pt-BR","potentialAction":[{"@type":"ReadAction","target":["https:\/\/melhordespachante.com.br\/cidadaniaportuguesa\/filho-de-cidadao-portugues\/"]}]},{"@type":"BreadcrumbList","@id":"https:\/\/melhordespachante.com.br\/cidadaniaportuguesa\/filho-de-cidadao-portugues\/#breadcrumb","itemListElement":[{"@type":"ListItem","position":1,"name":"In\u00edcio","item":"https:\/\/melhordespachante.com.br\/cidadaniaportuguesa\/"},{"@type":"ListItem","position":2,"name":"Filho de cidad\u00e3o portugu\u00eas"}]},{"@type":"WebSite","@id":"https:\/\/melhordespachante.com.br\/cidadaniaportuguesa\/#website","url":"https:\/\/melhordespachante.com.br\/cidadaniaportuguesa\/","name":"Nacionalidade Portuguesa","description":"Processo de Nacionalidade e Visto","potentialAction":[{"@type":"SearchAction","target":{"@type":"EntryPoint","urlTemplate":"https:\/\/melhordespachante.com.br\/cidadaniaportuguesa\/?s={search_term_string}"},"query-input":{"@type":"PropertyValueSpecification","valueRequired":true,"valueName":"search_term_string"}}],"inLanguage":"pt-BR"}]}},"_links":{"self":[{"href":"https:\/\/melhordespachante.com.br\/cidadaniaportuguesa\/wp-json\/wp\/v2\/pages\/521","targetHints":{"allow":["GET"]}}],"collection":[{"href":"https:\/\/melhordespachante.com.br\/cidadaniaportuguesa\/wp-json\/wp\/v2\/pages"}],"about":[{"href":"https:\/\/melhordespachante.com.br\/cidadaniaportuguesa\/wp-json\/wp\/v2\/types\/page"}],"author":[{"embeddable":true,"href":"https:\/\/melhordespachante.com.br\/cidadaniaportuguesa\/wp-json\/wp\/v2\/users\/2"}],"replies":[{"embeddable":true,"href":"https:\/\/melhordespachante.com.br\/cidadaniaportuguesa\/wp-json\/wp\/v2\/comments?post=521"}],"version-history":[{"count":5,"href":"https:\/\/melhordespachante.com.br\/cidadaniaportuguesa\/wp-json\/wp\/v2\/pages\/521\/revisions"}],"predecessor-version":[{"id":584,"href":"https:\/\/melhordespachante.com.br\/cidadaniaportuguesa\/wp-json\/wp\/v2\/pages\/521\/revisions\/584"}],"wp:attachment":[{"href":"https:\/\/melhordespachante.com.br\/cidadaniaportuguesa\/wp-json\/wp\/v2\/media?parent=521"}],"curies":[{"name":"wp","href":"https:\/\/api.w.org\/{rel}","templated":true}]}}