{"id":468,"date":"2022-10-23T09:11:25","date_gmt":"2022-10-23T12:11:25","guid":{"rendered":"https:\/\/melhordespachante.com.br\/cidadaniaportuguesa\/?page_id=468"},"modified":"2022-10-23T09:31:21","modified_gmt":"2022-10-23T12:31:21","slug":"busca-de-certidoes-em-portugal","status":"publish","type":"page","link":"https:\/\/melhordespachante.com.br\/cidadaniaportuguesa\/busca-de-certidoes-em-portugal\/","title":{"rendered":"Busca Certid\u00f5es em Portugal"},"content":{"rendered":"<p>Pesquisa de certid\u00f5es em Conservat\u00f3rias de Portugal e homologa\u00e7\u00f5es<\/p>\n<h2>Certid\u00f5es<\/h2>\n<p><strong>Nosso servi\u00e7o de pesquisa de certid\u00f5es \u00e9 realizado diretamente em Conservat\u00f3rias Portuguesas, imprimindo agilidade e exatid\u00e3o \u00e0 sua pesquisa cartor\u00e1ria.<\/strong><br \/>\n<strong>Cobramos de modo avulso, resultando em economia em cada procedimento ou dilig\u00eancia.<\/strong><br \/>\n<strong>Com consultores baseados em Lisboa, temos f\u00e1cil acesso a Conservat\u00f3rias possibilitando a emiss\u00e3o e busca por certid\u00f5es, certifica\u00e7\u00e3o de fotoc\u00f3pias e reconhecimento de assinaturas, al\u00e9m de mantermos parceria com escrit\u00f3rio jur\u00eddico que atua com Transcri\u00e7\u00e3o de casamentos e Homologa\u00e7\u00e3o de senten\u00e7a estrangeira de Div\u00f3rcios juntos \u00e0s conservat\u00f3rias portuguesas, diretamente de Portugal.<\/strong><\/p>\n<p><a href=\"https:\/\/melhordespachante.com.br\/cidadaniaportuguesa\/contato\/\">Solicite Or\u00e7amento para pesquisa avulsa<\/a> para seu processo de cidadania!<\/p>\n<blockquote>\n<h2>Parceria com advogados em Portugal, possibilitando pedidos de certid\u00f5es e c\u00f3pias autenticadas.<\/h2>\n<\/blockquote>\n<div class=\"su-note\"  style=\"border-color:#d4d4d4;border-radius:3px;-moz-border-radius:3px;-webkit-border-radius:3px;\"><div class=\"su-note-inner su-u-clearfix su-u-trim\" style=\"background-color:#eeeeee;border-color:#ffffff;color:#333333;border-radius:3px;-moz-border-radius:3px;-webkit-border-radius:3px;\">\n<p><strong>Conte com nosso escrit\u00f3rio parceiro em Lisboa para:<\/strong><\/p>\n<ul>\n<li><strong>Processos de Nacionalidade para Filhos e Netos de Portugueses (ou bisneto com pais vivos)<\/strong><\/li>\n<li><strong>Transcri\u00e7\u00e3o de casamentos e Homologa\u00e7\u00e3o de senten\u00e7a estrangeira de Div\u00f3rcio, com dilig\u00eancia junto a Conservat\u00f3rias para Emiss\u00e3o de Certid\u00e3o portuguesa<\/strong><\/li>\n<li><strong>Busca de Certid\u00f5es portuguesas<\/strong><\/li>\n<li><strong>Dilig\u00eancia para distribui\u00e7\u00e3o de processo de nacionalidade<\/strong><\/li>\n<li><strong>Acompanhamento de processos junto \u00e0 Conservat\u00f3ria Central de Lisboa (mediante outorga de procura\u00e7\u00e3o e substabelecimento)<\/strong><\/li>\n<li><strong>Dilig\u00eancias para certifica\u00e7\u00e3o de fotocopias e Reconhecimento de assinaturas.<\/strong><\/li>\n<li><strong>Emiss\u00e3o de NIF com op\u00e7\u00e3o de Representa\u00e7\u00e3o Fiscal<\/strong><\/li>\n<li><strong>Agendamento e emiss\u00e3o de NISS<\/strong><\/li>\n<\/ul>\n<p>E demais servi\u00e7os relacionados.<\/p>\n<\/div><\/div>\n<div class=\"custombtn\"><a class=\"morebutton hvr-float-shadow\" href=\"https:\/\/web.whatsapp.com\/send?phone=5521981059767&amp;text=Ola!%20Eu%20gostaria%20de%20obter%20mais%20informa%C3%A7%C3%B5es%20sobre%20Cidadania%20Portuguesa.%20Podem%20ajudar?%3Cbr%20\/%3E\" target=\"\">Contato e informa\u00e7\u00e3o<\/a><\/div>\n<p>&nbsp;<\/p>\n<h2>Pesquisa de Ancestralidade<\/h2>\n<p><strong>Nosso servi\u00e7o de pesquisa por nomes de nascidos em Portugal em cart\u00f3rios \u00e9 realizado na Conservat\u00f3ria Central em Lisboa, imprimindo agilidade e exatid\u00e3o \u00e0 sua pesquisa.<\/strong><br \/>\n<strong>Cobramos de modo avulso, resultando em economia em cada procedimento ou dilig\u00eancia de busca de ancestrais imediatos, nascidos em Portugal.<\/strong><br \/>\n<strong>Com parceria com advogada residente em Lisboa, temos acesso a Conservat\u00f3rias possibilitando uma pesquisa exata e oficial com pedido &#8211; ou n\u00e3o &#8211; da certid\u00e3o avalizadora.<br \/>\n<\/strong><\/p>\n<p><a href=\"https:\/\/melhordespachante.com.br\/cidadaniaportuguesa\/contato\/\">Solicite Or\u00e7amento para pesquisa de ancestralidade conosco<\/a>!<\/p>\n<blockquote>\n<h2>Parceria com advogados em Portugal, possibilitando pesquisas direto em Conservat\u00f3rias de Portugal.<\/h2>\n<\/blockquote>\n<div class=\"su-note\"  style=\"border-color:#d4d4d4;border-radius:3px;-moz-border-radius:3px;-webkit-border-radius:3px;\"><div class=\"su-note-inner su-u-clearfix su-u-trim\" style=\"background-color:#eeeeee;border-color:#ffffff;color:#333333;border-radius:3px;-moz-border-radius:3px;-webkit-border-radius:3px;\">\n<p><strong>Conte com nosso escrit\u00f3rio parceiro em Lisboa para:<\/strong><\/p>\n<ul>\n<li><strong>Processos de Nacionalidade para Filhos e Netos de Portugueses (ou bisneto com pais vivos)<\/strong><\/li>\n<li><strong>Transcri\u00e7\u00e3o de casamentos e Homologa\u00e7\u00e3o de senten\u00e7a estrangeira de Div\u00f3rcio, com dilig\u00eancia junto a Conservat\u00f3rias para Emiss\u00e3o de Certid\u00e3o portuguesa<\/strong><\/li>\n<li><strong>Busca de Certid\u00f5es portuguesas<\/strong><\/li>\n<li><strong>Dilig\u00eancia para distribui\u00e7\u00e3o de processo de nacionalidade<\/strong><\/li>\n<li><strong>Acompanhamento de processos junto \u00e0 Conservat\u00f3ria Central de Lisboa (mediante outorga de procura\u00e7\u00e3o e substabelecimento)<\/strong><\/li>\n<li><strong>Dilig\u00eancias para certifica\u00e7\u00e3o de fotocopias e Reconhecimento de assinaturas.<\/strong><\/li>\n<li><strong>Emiss\u00e3o de NIF com op\u00e7\u00e3o de Representa\u00e7\u00e3o Fiscal<\/strong><\/li>\n<li><strong>Agendamento e emiss\u00e3o de NISS<\/strong><\/li>\n<\/ul>\n<p>E demais servi\u00e7os relacionados.<\/p>\n<\/div><\/div>\n<div class=\"custombtn\"><a class=\"morebutton hvr-float-shadow\" href=\"https:\/\/web.whatsapp.com\/send?phone=5521981059767&amp;text=Ola!%20Eu%20gostaria%20de%20obter%20mais%20informa%C3%A7%C3%B5es%20sobre%20Cidadania%20Portuguesa.%20Podem%20ajudar?%3Cbr%20\/%3E\" target=\"\">Contato e informa\u00e7\u00e3o<\/a><\/div>\n<p>&nbsp;<\/p>\n\n<div class=\"wpcf7 no-js\" id=\"wpcf7-f141-o1\" lang=\"pt-BR\" dir=\"ltr\" data-wpcf7-id=\"141\">\n<div class=\"screen-reader-response\"><p role=\"status\" aria-live=\"polite\" aria-atomic=\"true\"><\/p> <ul><\/ul><\/div>\n<form action=\"\/cidadaniaportuguesa\/wp-json\/wp\/v2\/pages\/468#wpcf7-f141-o1\" method=\"post\" class=\"wpcf7-form init\" aria-label=\"Formul\u00e1rios de contato\" novalidate=\"novalidate\" data-status=\"init\">\n<fieldset class=\"hidden-fields-container\"><input type=\"hidden\" name=\"_wpcf7\" value=\"141\" \/><input type=\"hidden\" name=\"_wpcf7_version\" value=\"6.1.1\" \/><input type=\"hidden\" name=\"_wpcf7_locale\" value=\"pt_BR\" \/><input type=\"hidden\" name=\"_wpcf7_unit_tag\" value=\"wpcf7-f141-o1\" \/><input type=\"hidden\" name=\"_wpcf7_container_post\" value=\"0\" \/><input type=\"hidden\" name=\"_wpcf7_posted_data_hash\" value=\"\" \/>\n<\/fieldset>\n<p><label> Seu nome<br \/>\n<span class=\"wpcf7-form-control-wrap\" data-name=\"your-name\"><input size=\"40\" maxlength=\"400\" class=\"wpcf7-form-control wpcf7-text wpcf7-validates-as-required\" aria-required=\"true\" aria-invalid=\"false\" value=\"\" type=\"text\" name=\"your-name\" \/><\/span> <\/label>\n<\/p>\n<p><label> Seu e-mail<br \/>\n<span class=\"wpcf7-form-control-wrap\" data-name=\"your-email\"><input size=\"40\" maxlength=\"400\" class=\"wpcf7-form-control wpcf7-email wpcf7-validates-as-required wpcf7-text wpcf7-validates-as-email\" aria-required=\"true\" aria-invalid=\"false\" value=\"\" type=\"email\" name=\"your-email\" \/><\/span> <\/label>\n<\/p>\n<p><label> Assunto<br \/>\n<span class=\"wpcf7-form-control-wrap\" data-name=\"your-subject\"><input size=\"40\" maxlength=\"400\" class=\"wpcf7-form-control wpcf7-text wpcf7-validates-as-required\" aria-required=\"true\" aria-invalid=\"false\" value=\"\" type=\"text\" name=\"your-subject\" \/><\/span> <\/label>\n<\/p>\n<p><label> Seu Telefone<br \/>\n<span class=\"wpcf7-form-control-wrap\" data-name=\"your-telefone\"><input size=\"40\" maxlength=\"400\" class=\"wpcf7-form-control wpcf7-text\" aria-invalid=\"false\" value=\"\" type=\"text\" name=\"your-telefone\" \/><\/span> <\/label>\n<\/p>\n<p><input class=\"wpcf7-form-control wpcf7-submit has-spinner\" type=\"submit\" value=\"Enviar\" \/>\n<\/p><div class=\"wpcf7-response-output\" aria-hidden=\"true\"><\/div>\n<\/form>\n<\/div>\n\n<p><img loading=\"lazy\" decoding=\"async\" class=\"aligncenter wp-image-265 size-large\" src=\"https:\/\/melhordespachante.com.br\/cidadaniaportuguesa\/wp-content\/uploads\/2022\/09\/descendente-de-portugueses-1024x578.jpg\" alt=\"Bisneto de portugueses tem direito a cidadania\" width=\"1024\" height=\"578\" srcset=\"https:\/\/melhordespachante.com.br\/cidadaniaportuguesa\/wp-content\/uploads\/2022\/09\/descendente-de-portugueses-1024x578.jpg 1024w, https:\/\/melhordespachante.com.br\/cidadaniaportuguesa\/wp-content\/uploads\/2022\/09\/descendente-de-portugueses-300x169.jpg 300w, https:\/\/melhordespachante.com.br\/cidadaniaportuguesa\/wp-content\/uploads\/2022\/09\/descendente-de-portugueses-768x433.jpg 768w, https:\/\/melhordespachante.com.br\/cidadaniaportuguesa\/wp-content\/uploads\/2022\/09\/descendente-de-portugueses.jpg 1400w\" sizes=\"auto, (max-width: 1024px) 100vw, 1024px\" \/><\/p>\n","protected":false},"excerpt":{"rendered":"<p>Pesquisa de certid\u00f5es em Conservat\u00f3rias de Portugal e homologa\u00e7\u00f5es Certid\u00f5es Nosso servi\u00e7o de pesquisa de certid\u00f5es \u00e9 realizado diretamente em Conservat\u00f3rias Portuguesas, imprimindo agilidade e exatid\u00e3o \u00e0 sua pesquisa cartor\u00e1ria. Cobramos de modo avulso, resultando em economia em cada procedimento ou dilig\u00eancia. Com consultores baseados em Lisboa, temos f\u00e1cil acesso a Conservat\u00f3rias possibilitando a emiss\u00e3o e busca por certid\u00f5es, certifica\u00e7\u00e3o de fotoc\u00f3pias e reconhecimento de assinaturas, al\u00e9m de mantermos parceria com escrit\u00f3rio jur\u00eddico que atua com Transcri\u00e7\u00e3o de casamentos e Homologa\u00e7\u00e3o de senten\u00e7a estrangeira de Div\u00f3rcios juntos \u00e0s conservat\u00f3rias portuguesas, diretamente de Portugal. Solicite Or\u00e7amento para pesquisa avulsa para seu&#8230; <\/p>\n","protected":false},"author":2,"featured_media":0,"parent":0,"menu_order":0,"comment_status":"closed","ping_status":"closed","template":"","meta":{"footnotes":"","_links_to":"","_links_to_target":""},"class_list":["post-468","page","type-page","status-publish","hentry"],"yoast_head":"<!-- This site is optimized with the Yoast SEO plugin v25.7 - https:\/\/yoast.com\/wordpress\/plugins\/seo\/ -->\n<title>Busca Certid\u00f5es em Portugal - Nacionalidade Portuguesa<\/title>\n<meta name=\"robots\" content=\"index, follow, max-snippet:-1, max-image-preview:large, max-video-preview:-1\" \/>\n<link rel=\"canonical\" href=\"https:\/\/melhordespachante.com.br\/cidadaniaportuguesa\/busca-de-certidoes-em-portugal\/\" \/>\n<meta property=\"og:locale\" content=\"pt_BR\" \/>\n<meta property=\"og:type\" content=\"article\" \/>\n<meta property=\"og:title\" content=\"Busca Certid\u00f5es em Portugal - Nacionalidade Portuguesa\" \/>\n<meta property=\"og:description\" content=\"Pesquisa de certid\u00f5es em Conservat\u00f3rias de Portugal e homologa\u00e7\u00f5es Certid\u00f5es Nosso servi\u00e7o de pesquisa de certid\u00f5es \u00e9 realizado diretamente em Conservat\u00f3rias Portuguesas, imprimindo agilidade e exatid\u00e3o \u00e0 sua pesquisa cartor\u00e1ria. Cobramos de modo avulso, resultando em economia em cada procedimento ou dilig\u00eancia. Com consultores baseados em Lisboa, temos f\u00e1cil acesso a Conservat\u00f3rias possibilitando a emiss\u00e3o e busca por certid\u00f5es, certifica\u00e7\u00e3o de fotoc\u00f3pias e reconhecimento de assinaturas, al\u00e9m de mantermos parceria com escrit\u00f3rio jur\u00eddico que atua com Transcri\u00e7\u00e3o de casamentos e Homologa\u00e7\u00e3o de senten\u00e7a estrangeira de Div\u00f3rcios juntos \u00e0s conservat\u00f3rias portuguesas, diretamente de Portugal. Solicite Or\u00e7amento para pesquisa avulsa para seu...\" \/>\n<meta property=\"og:url\" content=\"https:\/\/melhordespachante.com.br\/cidadaniaportuguesa\/busca-de-certidoes-em-portugal\/\" \/>\n<meta property=\"og:site_name\" content=\"Nacionalidade Portuguesa\" \/>\n<meta property=\"article:modified_time\" content=\"2022-10-23T12:31:21+00:00\" \/>\n<meta property=\"og:image\" content=\"https:\/\/melhordespachante.com.br\/cidadaniaportuguesa\/wp-content\/uploads\/2022\/09\/descendente-de-portugueses.jpg\" \/>\n\t<meta property=\"og:image:width\" content=\"1400\" \/>\n\t<meta property=\"og:image:height\" content=\"790\" \/>\n\t<meta property=\"og:image:type\" content=\"image\/jpeg\" \/>\n<meta name=\"twitter:card\" content=\"summary_large_image\" \/>\n<meta name=\"twitter:label1\" content=\"Est. tempo de leitura\" \/>\n\t<meta name=\"twitter:data1\" content=\"3 minutos\" \/>\n<script type=\"application\/ld+json\" class=\"yoast-schema-graph\">{\"@context\":\"https:\/\/schema.org\",\"@graph\":[{\"@type\":\"WebPage\",\"@id\":\"https:\/\/melhordespachante.com.br\/cidadaniaportuguesa\/busca-de-certidoes-em-portugal\/\",\"url\":\"https:\/\/melhordespachante.com.br\/cidadaniaportuguesa\/busca-de-certidoes-em-portugal\/\",\"name\":\"Busca Certid\u00f5es em Portugal - Nacionalidade Portuguesa\",\"isPartOf\":{\"@id\":\"https:\/\/melhordespachante.com.br\/cidadaniaportuguesa\/#website\"},\"primaryImageOfPage\":{\"@id\":\"https:\/\/melhordespachante.com.br\/cidadaniaportuguesa\/busca-de-certidoes-em-portugal\/#primaryimage\"},\"image\":{\"@id\":\"https:\/\/melhordespachante.com.br\/cidadaniaportuguesa\/busca-de-certidoes-em-portugal\/#primaryimage\"},\"thumbnailUrl\":\"https:\/\/melhordespachante.com.br\/cidadaniaportuguesa\/wp-content\/uploads\/2022\/09\/descendente-de-portugueses-1024x578.jpg\",\"datePublished\":\"2022-10-23T12:11:25+00:00\",\"dateModified\":\"2022-10-23T12:31:21+00:00\",\"breadcrumb\":{\"@id\":\"https:\/\/melhordespachante.com.br\/cidadaniaportuguesa\/busca-de-certidoes-em-portugal\/#breadcrumb\"},\"inLanguage\":\"pt-BR\",\"potentialAction\":[{\"@type\":\"ReadAction\",\"target\":[\"https:\/\/melhordespachante.com.br\/cidadaniaportuguesa\/busca-de-certidoes-em-portugal\/\"]}]},{\"@type\":\"ImageObject\",\"inLanguage\":\"pt-BR\",\"@id\":\"https:\/\/melhordespachante.com.br\/cidadaniaportuguesa\/busca-de-certidoes-em-portugal\/#primaryimage\",\"url\":\"https:\/\/melhordespachante.com.br\/cidadaniaportuguesa\/wp-content\/uploads\/2022\/09\/descendente-de-portugueses.jpg\",\"contentUrl\":\"https:\/\/melhordespachante.com.br\/cidadaniaportuguesa\/wp-content\/uploads\/2022\/09\/descendente-de-portugueses.jpg\",\"width\":1400,\"height\":790,\"caption\":\"Bisneto de portugueses tem direito a cidadania\"},{\"@type\":\"BreadcrumbList\",\"@id\":\"https:\/\/melhordespachante.com.br\/cidadaniaportuguesa\/busca-de-certidoes-em-portugal\/#breadcrumb\",\"itemListElement\":[{\"@type\":\"ListItem\",\"position\":1,\"name\":\"In\u00edcio\",\"item\":\"https:\/\/melhordespachante.com.br\/cidadaniaportuguesa\/\"},{\"@type\":\"ListItem\",\"position\":2,\"name\":\"Busca Certid\u00f5es em Portugal\"}]},{\"@type\":\"WebSite\",\"@id\":\"https:\/\/melhordespachante.com.br\/cidadaniaportuguesa\/#website\",\"url\":\"https:\/\/melhordespachante.com.br\/cidadaniaportuguesa\/\",\"name\":\"Nacionalidade Portuguesa\",\"description\":\"Processo de Nacionalidade e Visto\",\"potentialAction\":[{\"@type\":\"SearchAction\",\"target\":{\"@type\":\"EntryPoint\",\"urlTemplate\":\"https:\/\/melhordespachante.com.br\/cidadaniaportuguesa\/?s={search_term_string}\"},\"query-input\":{\"@type\":\"PropertyValueSpecification\",\"valueRequired\":true,\"valueName\":\"search_term_string\"}}],\"inLanguage\":\"pt-BR\"}]}<\/script>\n<!-- \/ Yoast SEO plugin. -->","yoast_head_json":{"title":"Busca Certid\u00f5es em Portugal - Nacionalidade Portuguesa","robots":{"index":"index","follow":"follow","max-snippet":"max-snippet:-1","max-image-preview":"max-image-preview:large","max-video-preview":"max-video-preview:-1"},"canonical":"https:\/\/melhordespachante.com.br\/cidadaniaportuguesa\/busca-de-certidoes-em-portugal\/","og_locale":"pt_BR","og_type":"article","og_title":"Busca Certid\u00f5es em Portugal - Nacionalidade Portuguesa","og_description":"Pesquisa de certid\u00f5es em Conservat\u00f3rias de Portugal e homologa\u00e7\u00f5es Certid\u00f5es Nosso servi\u00e7o de pesquisa de certid\u00f5es \u00e9 realizado diretamente em Conservat\u00f3rias Portuguesas, imprimindo agilidade e exatid\u00e3o \u00e0 sua pesquisa cartor\u00e1ria. Cobramos de modo avulso, resultando em economia em cada procedimento ou dilig\u00eancia. Com consultores baseados em Lisboa, temos f\u00e1cil acesso a Conservat\u00f3rias possibilitando a emiss\u00e3o e busca por certid\u00f5es, certifica\u00e7\u00e3o de fotoc\u00f3pias e reconhecimento de assinaturas, al\u00e9m de mantermos parceria com escrit\u00f3rio jur\u00eddico que atua com Transcri\u00e7\u00e3o de casamentos e Homologa\u00e7\u00e3o de senten\u00e7a estrangeira de Div\u00f3rcios juntos \u00e0s conservat\u00f3rias portuguesas, diretamente de Portugal. Solicite Or\u00e7amento para pesquisa avulsa para seu...","og_url":"https:\/\/melhordespachante.com.br\/cidadaniaportuguesa\/busca-de-certidoes-em-portugal\/","og_site_name":"Nacionalidade Portuguesa","article_modified_time":"2022-10-23T12:31:21+00:00","og_image":[{"width":1400,"height":790,"url":"https:\/\/melhordespachante.com.br\/cidadaniaportuguesa\/wp-content\/uploads\/2022\/09\/descendente-de-portugueses.jpg","type":"image\/jpeg"}],"twitter_card":"summary_large_image","twitter_misc":{"Est. tempo de leitura":"3 minutos"},"schema":{"@context":"https:\/\/schema.org","@graph":[{"@type":"WebPage","@id":"https:\/\/melhordespachante.com.br\/cidadaniaportuguesa\/busca-de-certidoes-em-portugal\/","url":"https:\/\/melhordespachante.com.br\/cidadaniaportuguesa\/busca-de-certidoes-em-portugal\/","name":"Busca Certid\u00f5es em Portugal - Nacionalidade Portuguesa","isPartOf":{"@id":"https:\/\/melhordespachante.com.br\/cidadaniaportuguesa\/#website"},"primaryImageOfPage":{"@id":"https:\/\/melhordespachante.com.br\/cidadaniaportuguesa\/busca-de-certidoes-em-portugal\/#primaryimage"},"image":{"@id":"https:\/\/melhordespachante.com.br\/cidadaniaportuguesa\/busca-de-certidoes-em-portugal\/#primaryimage"},"thumbnailUrl":"https:\/\/melhordespachante.com.br\/cidadaniaportuguesa\/wp-content\/uploads\/2022\/09\/descendente-de-portugueses-1024x578.jpg","datePublished":"2022-10-23T12:11:25+00:00","dateModified":"2022-10-23T12:31:21+00:00","breadcrumb":{"@id":"https:\/\/melhordespachante.com.br\/cidadaniaportuguesa\/busca-de-certidoes-em-portugal\/#breadcrumb"},"inLanguage":"pt-BR","potentialAction":[{"@type":"ReadAction","target":["https:\/\/melhordespachante.com.br\/cidadaniaportuguesa\/busca-de-certidoes-em-portugal\/"]}]},{"@type":"ImageObject","inLanguage":"pt-BR","@id":"https:\/\/melhordespachante.com.br\/cidadaniaportuguesa\/busca-de-certidoes-em-portugal\/#primaryimage","url":"https:\/\/melhordespachante.com.br\/cidadaniaportuguesa\/wp-content\/uploads\/2022\/09\/descendente-de-portugueses.jpg","contentUrl":"https:\/\/melhordespachante.com.br\/cidadaniaportuguesa\/wp-content\/uploads\/2022\/09\/descendente-de-portugueses.jpg","width":1400,"height":790,"caption":"Bisneto de portugueses tem direito a cidadania"},{"@type":"BreadcrumbList","@id":"https:\/\/melhordespachante.com.br\/cidadaniaportuguesa\/busca-de-certidoes-em-portugal\/#breadcrumb","itemListElement":[{"@type":"ListItem","position":1,"name":"In\u00edcio","item":"https:\/\/melhordespachante.com.br\/cidadaniaportuguesa\/"},{"@type":"ListItem","position":2,"name":"Busca Certid\u00f5es em Portugal"}]},{"@type":"WebSite","@id":"https:\/\/melhordespachante.com.br\/cidadaniaportuguesa\/#website","url":"https:\/\/melhordespachante.com.br\/cidadaniaportuguesa\/","name":"Nacionalidade Portuguesa","description":"Processo de Nacionalidade e Visto","potentialAction":[{"@type":"SearchAction","target":{"@type":"EntryPoint","urlTemplate":"https:\/\/melhordespachante.com.br\/cidadaniaportuguesa\/?s={search_term_string}"},"query-input":{"@type":"PropertyValueSpecification","valueRequired":true,"valueName":"search_term_string"}}],"inLanguage":"pt-BR"}]}},"_links":{"self":[{"href":"https:\/\/melhordespachante.com.br\/cidadaniaportuguesa\/wp-json\/wp\/v2\/pages\/468","targetHints":{"allow":["GET"]}}],"collection":[{"href":"https:\/\/melhordespachante.com.br\/cidadaniaportuguesa\/wp-json\/wp\/v2\/pages"}],"about":[{"href":"https:\/\/melhordespachante.com.br\/cidadaniaportuguesa\/wp-json\/wp\/v2\/types\/page"}],"author":[{"embeddable":true,"href":"https:\/\/melhordespachante.com.br\/cidadaniaportuguesa\/wp-json\/wp\/v2\/users\/2"}],"replies":[{"embeddable":true,"href":"https:\/\/melhordespachante.com.br\/cidadaniaportuguesa\/wp-json\/wp\/v2\/comments?post=468"}],"version-history":[{"count":9,"href":"https:\/\/melhordespachante.com.br\/cidadaniaportuguesa\/wp-json\/wp\/v2\/pages\/468\/revisions"}],"predecessor-version":[{"id":484,"href":"https:\/\/melhordespachante.com.br\/cidadaniaportuguesa\/wp-json\/wp\/v2\/pages\/468\/revisions\/484"}],"wp:attachment":[{"href":"https:\/\/melhordespachante.com.br\/cidadaniaportuguesa\/wp-json\/wp\/v2\/media?parent=468"}],"curies":[{"name":"wp","href":"https:\/\/api.w.org\/{rel}","templated":true}]}}