{"id":252,"date":"2022-09-28T12:58:55","date_gmt":"2022-09-28T15:58:55","guid":{"rendered":"https:\/\/melhordespachante.com.br\/cidadaniaportuguesa\/?page_id=252"},"modified":"2025-07-04T12:53:34","modified_gmt":"2025-07-04T15:53:34","slug":"outros-servicos-em-portugal","status":"publish","type":"page","link":"https:\/\/melhordespachante.com.br\/cidadaniaportuguesa\/outros-servicos-em-portugal\/","title":{"rendered":"Outros Servi\u00e7os em Portugal"},"content":{"rendered":"<p><strong>Outros servi\u00e7os realizados diretamente em Portugal:<\/strong><\/p>\n<ul>\n<li><strong>Representa\u00e7\u00e3o Fiscal para emiss\u00e3o do NIF pessoa singular (pessoa f\u00edsica);<\/strong><\/li>\n<li><strong>Emiss\u00e3o do NIF para empresas (pessoa jur\u00eddica);<\/strong><\/li>\n<li><strong>Buscas de Certid\u00f5es para processo de nacionalidade portuguesa;<\/strong><\/li>\n<li><strong>Transcri\u00e7\u00f5es de certid\u00f5es para paridade de certid\u00f5es Brasileiras em Portugal;<\/strong><\/li>\n<li><strong>Solicita\u00e7\u00e3o de Certid\u00e3o de antecedentes criminais<\/strong><\/li>\n<li><strong>Certid\u00f5es consulares<\/strong><\/li>\n<li><strong>Abertura de contas banc\u00e1rias<\/strong><\/li>\n<li><strong>Manifesta\u00e7\u00e3o de Interesse e autoriza\u00e7\u00e3o de resid\u00eancia<\/strong><\/li>\n<li><strong>Consultoria de obten\u00e7\u00e3o de Visto para estudar em Portugal<\/strong><\/li>\n<li><strong>Consultoria obten\u00e7\u00e3o de Visto para trabalhar em Portugal<\/strong><\/li>\n<\/ul>\n<p>Nosso servi\u00e7o \u00e9 realizado diretamente em Portugal,\u00a0 imprimindo agilidade \u00e0 sua necessidade.<br \/>\nContamos com apoio jur\u00eddico de advogados sediados em Portugal, ampliando nosso gama de servi\u00e7os e dando ainda mais seguran\u00e7a a cada processo.<\/p>\n<blockquote>\n<h3>Estamos diretamente em Portugal, sem a necessidade de intermedia\u00e7\u00e3o de consulados, o que se reflete em prazos menores para obten\u00e7\u00e3o de documentos e vistos.<\/h3>\n<\/blockquote>\n<div class=\"su-note\"  style=\"border-color:#d4d4d4;border-radius:3px;-moz-border-radius:3px;-webkit-border-radius:3px;\"><div class=\"su-note-inner su-u-clearfix su-u-trim\" style=\"background-color:#eeeeee;border-color:#ffffff;color:#333333;border-radius:3px;-moz-border-radius:3px;-webkit-border-radius:3px;\">\n<p><strong>Conte com nosso escrit\u00f3rio parceiro em Lisboa para:<\/strong><\/p>\n<ul>\n<li><strong>Processos de Nacionalidade para Filhos e Netos de Portugueses (ou bisneto com pais vivos)<\/strong><\/li>\n<li><strong>Transcri\u00e7\u00e3o de casamentos e Homologa\u00e7\u00e3o de senten\u00e7a estrangeira de Div\u00f3rcio, com dilig\u00eancia junto a Conservat\u00f3rias para Emiss\u00e3o de Certid\u00e3o portuguesa<\/strong><\/li>\n<li><strong>Busca de Certid\u00f5es portuguesas<\/strong><\/li>\n<li><strong>Dilig\u00eancia para distribui\u00e7\u00e3o de processo de nacionalidade<\/strong><\/li>\n<li><strong>Acompanhamento de processos junto \u00e0 Conservat\u00f3ria Central de Lisboa (mediante outorga de procura\u00e7\u00e3o e substabelecimento)<\/strong><\/li>\n<li><strong>Dilig\u00eancias para certifica\u00e7\u00e3o de fotocopias e Reconhecimento de assinaturas.<\/strong><\/li>\n<li><strong>Emiss\u00e3o de NIF com op\u00e7\u00e3o de Representa\u00e7\u00e3o Fiscal<\/strong><\/li>\n<li><strong>Agendamento e emiss\u00e3o de NISS<\/strong><\/li>\n<\/ul>\n<p>E demais servi\u00e7os relacionados.<\/p>\n<\/div><\/div>\n<div class=\"custombtn\"><a class=\"morebutton hvr-float-shadow\" href=\"https:\/\/web.whatsapp.com\/send?phone=5521981059767&amp;text=Ola!%20Eu%20gostaria%20de%20obter%20mais%20informa%C3%A7%C3%B5es%20sobre%20Cidadania%20Portuguesa.%20Podem%20ajudar?%3Cbr%20\/%3E\" target=\"\">Contato e informa\u00e7\u00e3o<\/a><\/div>\n\n<div class=\"wpcf7 no-js\" id=\"wpcf7-f141-o1\" lang=\"pt-BR\" dir=\"ltr\" data-wpcf7-id=\"141\">\n<div class=\"screen-reader-response\"><p role=\"status\" aria-live=\"polite\" aria-atomic=\"true\"><\/p> <ul><\/ul><\/div>\n<form action=\"\/cidadaniaportuguesa\/wp-json\/wp\/v2\/pages\/252#wpcf7-f141-o1\" method=\"post\" class=\"wpcf7-form init\" aria-label=\"Formul\u00e1rios de contato\" novalidate=\"novalidate\" data-status=\"init\">\n<fieldset class=\"hidden-fields-container\"><input type=\"hidden\" name=\"_wpcf7\" value=\"141\" \/><input type=\"hidden\" name=\"_wpcf7_version\" value=\"6.1.1\" \/><input type=\"hidden\" name=\"_wpcf7_locale\" value=\"pt_BR\" \/><input type=\"hidden\" name=\"_wpcf7_unit_tag\" value=\"wpcf7-f141-o1\" \/><input type=\"hidden\" name=\"_wpcf7_container_post\" value=\"0\" \/><input type=\"hidden\" name=\"_wpcf7_posted_data_hash\" value=\"\" \/>\n<\/fieldset>\n<p><label> Seu nome<br \/>\n<span class=\"wpcf7-form-control-wrap\" data-name=\"your-name\"><input size=\"40\" maxlength=\"400\" class=\"wpcf7-form-control wpcf7-text wpcf7-validates-as-required\" aria-required=\"true\" aria-invalid=\"false\" value=\"\" type=\"text\" name=\"your-name\" \/><\/span> <\/label>\n<\/p>\n<p><label> Seu e-mail<br \/>\n<span class=\"wpcf7-form-control-wrap\" data-name=\"your-email\"><input size=\"40\" maxlength=\"400\" class=\"wpcf7-form-control wpcf7-email wpcf7-validates-as-required wpcf7-text wpcf7-validates-as-email\" aria-required=\"true\" aria-invalid=\"false\" value=\"\" type=\"email\" name=\"your-email\" \/><\/span> <\/label>\n<\/p>\n<p><label> Assunto<br \/>\n<span class=\"wpcf7-form-control-wrap\" data-name=\"your-subject\"><input size=\"40\" maxlength=\"400\" class=\"wpcf7-form-control wpcf7-text wpcf7-validates-as-required\" aria-required=\"true\" aria-invalid=\"false\" value=\"\" type=\"text\" name=\"your-subject\" \/><\/span> <\/label>\n<\/p>\n<p><label> Seu Telefone<br \/>\n<span class=\"wpcf7-form-control-wrap\" data-name=\"your-telefone\"><input size=\"40\" maxlength=\"400\" class=\"wpcf7-form-control wpcf7-text\" aria-invalid=\"false\" value=\"\" type=\"text\" name=\"your-telefone\" \/><\/span> <\/label>\n<\/p>\n<p><input class=\"wpcf7-form-control wpcf7-submit has-spinner\" type=\"submit\" value=\"Enviar\" \/>\n<\/p><div class=\"wpcf7-response-output\" aria-hidden=\"true\"><\/div>\n<\/form>\n<\/div>\n\n<p><img loading=\"lazy\" decoding=\"async\" class=\"aligncenter wp-image-268 size-large\" src=\"https:\/\/melhordespachante.com.br\/cidadaniaportuguesa\/wp-content\/uploads\/2022\/09\/cidadania-porguesa-1024x578.jpg\" alt=\"Cidadania portuguesa\" width=\"1024\" height=\"578\" srcset=\"https:\/\/melhordespachante.com.br\/cidadaniaportuguesa\/wp-content\/uploads\/2022\/09\/cidadania-porguesa-1024x578.jpg 1024w, https:\/\/melhordespachante.com.br\/cidadaniaportuguesa\/wp-content\/uploads\/2022\/09\/cidadania-porguesa-300x169.jpg 300w, https:\/\/melhordespachante.com.br\/cidadaniaportuguesa\/wp-content\/uploads\/2022\/09\/cidadania-porguesa-768x433.jpg 768w, https:\/\/melhordespachante.com.br\/cidadaniaportuguesa\/wp-content\/uploads\/2022\/09\/cidadania-porguesa.jpg 1400w\" sizes=\"auto, (max-width: 1024px) 100vw, 1024px\" \/><\/p>\n","protected":false},"excerpt":{"rendered":"<p>Outros servi\u00e7os realizados diretamente em Portugal: Representa\u00e7\u00e3o Fiscal para emiss\u00e3o do NIF pessoa singular (pessoa f\u00edsica); Emiss\u00e3o do NIF para empresas (pessoa jur\u00eddica); Buscas de Certid\u00f5es para processo de nacionalidade portuguesa; Transcri\u00e7\u00f5es de certid\u00f5es para paridade de certid\u00f5es Brasileiras em Portugal; Solicita\u00e7\u00e3o de Certid\u00e3o de antecedentes criminais Certid\u00f5es consulares Abertura de contas banc\u00e1rias Manifesta\u00e7\u00e3o de Interesse e autoriza\u00e7\u00e3o de resid\u00eancia Consultoria de obten\u00e7\u00e3o de Visto para estudar em Portugal Consultoria obten\u00e7\u00e3o de Visto para trabalhar em Portugal Nosso servi\u00e7o \u00e9 realizado diretamente em Portugal,\u00a0 imprimindo agilidade \u00e0 sua necessidade. Contamos com apoio jur\u00eddico de advogados sediados em Portugal, ampliando nosso&#8230; <\/p>\n","protected":false},"author":1,"featured_media":0,"parent":0,"menu_order":0,"comment_status":"closed","ping_status":"closed","template":"","meta":{"footnotes":"","_links_to":"","_links_to_target":""},"class_list":["post-252","page","type-page","status-publish","hentry"],"yoast_head":"<!-- This site is optimized with the Yoast SEO plugin v25.7 - https:\/\/yoast.com\/wordpress\/plugins\/seo\/ -->\n<title>Outros Servi\u00e7os em Portugal - Nacionalidade Portuguesa<\/title>\n<meta name=\"description\" content=\"Servi\u00e7os Essenciais em Portugal para Brasileiros e Consultoria especializada para visto em Portugal e pedido de cidadania\" \/>\n<meta name=\"robots\" content=\"index, follow, max-snippet:-1, max-image-preview:large, max-video-preview:-1\" \/>\n<link rel=\"canonical\" href=\"https:\/\/melhordespachante.com.br\/cidadaniaportuguesa\/outros-servicos-em-portugal\/\" \/>\n<meta property=\"og:locale\" content=\"pt_BR\" \/>\n<meta property=\"og:type\" content=\"article\" \/>\n<meta property=\"og:title\" content=\"Outros Servi\u00e7os em Portugal - Nacionalidade Portuguesa\" \/>\n<meta property=\"og:description\" content=\"Servi\u00e7os Essenciais em Portugal para Brasileiros e Consultoria especializada para visto em Portugal e pedido de cidadania\" \/>\n<meta property=\"og:url\" content=\"https:\/\/melhordespachante.com.br\/cidadaniaportuguesa\/outros-servicos-em-portugal\/\" \/>\n<meta property=\"og:site_name\" content=\"Nacionalidade Portuguesa\" \/>\n<meta property=\"article:modified_time\" content=\"2025-07-04T15:53:34+00:00\" \/>\n<meta property=\"og:image\" content=\"https:\/\/melhordespachante.com.br\/cidadaniaportuguesa\/wp-content\/uploads\/2022\/09\/cidadania-porguesa.jpg\" \/>\n\t<meta property=\"og:image:width\" content=\"1400\" \/>\n\t<meta property=\"og:image:height\" content=\"790\" \/>\n\t<meta property=\"og:image:type\" content=\"image\/jpeg\" \/>\n<meta name=\"twitter:card\" content=\"summary_large_image\" \/>\n<meta name=\"twitter:label1\" content=\"Est. tempo de leitura\" \/>\n\t<meta name=\"twitter:data1\" content=\"2 minutos\" \/>\n<script type=\"application\/ld+json\" class=\"yoast-schema-graph\">{\"@context\":\"https:\/\/schema.org\",\"@graph\":[{\"@type\":\"WebPage\",\"@id\":\"https:\/\/melhordespachante.com.br\/cidadaniaportuguesa\/outros-servicos-em-portugal\/\",\"url\":\"https:\/\/melhordespachante.com.br\/cidadaniaportuguesa\/outros-servicos-em-portugal\/\",\"name\":\"Outros Servi\u00e7os em Portugal - Nacionalidade Portuguesa\",\"isPartOf\":{\"@id\":\"https:\/\/melhordespachante.com.br\/cidadaniaportuguesa\/#website\"},\"primaryImageOfPage\":{\"@id\":\"https:\/\/melhordespachante.com.br\/cidadaniaportuguesa\/outros-servicos-em-portugal\/#primaryimage\"},\"image\":{\"@id\":\"https:\/\/melhordespachante.com.br\/cidadaniaportuguesa\/outros-servicos-em-portugal\/#primaryimage\"},\"thumbnailUrl\":\"https:\/\/melhordespachante.com.br\/cidadaniaportuguesa\/wp-content\/uploads\/2022\/09\/cidadania-porguesa-1024x578.jpg\",\"datePublished\":\"2022-09-28T15:58:55+00:00\",\"dateModified\":\"2025-07-04T15:53:34+00:00\",\"description\":\"Servi\u00e7os Essenciais em Portugal para Brasileiros e Consultoria especializada para visto em Portugal e pedido de cidadania\",\"breadcrumb\":{\"@id\":\"https:\/\/melhordespachante.com.br\/cidadaniaportuguesa\/outros-servicos-em-portugal\/#breadcrumb\"},\"inLanguage\":\"pt-BR\",\"potentialAction\":[{\"@type\":\"ReadAction\",\"target\":[\"https:\/\/melhordespachante.com.br\/cidadaniaportuguesa\/outros-servicos-em-portugal\/\"]}]},{\"@type\":\"ImageObject\",\"inLanguage\":\"pt-BR\",\"@id\":\"https:\/\/melhordespachante.com.br\/cidadaniaportuguesa\/outros-servicos-em-portugal\/#primaryimage\",\"url\":\"https:\/\/melhordespachante.com.br\/cidadaniaportuguesa\/wp-content\/uploads\/2022\/09\/cidadania-porguesa.jpg\",\"contentUrl\":\"https:\/\/melhordespachante.com.br\/cidadaniaportuguesa\/wp-content\/uploads\/2022\/09\/cidadania-porguesa.jpg\",\"width\":1400,\"height\":790,\"caption\":\"Cidadania Portuguesa\"},{\"@type\":\"BreadcrumbList\",\"@id\":\"https:\/\/melhordespachante.com.br\/cidadaniaportuguesa\/outros-servicos-em-portugal\/#breadcrumb\",\"itemListElement\":[{\"@type\":\"ListItem\",\"position\":1,\"name\":\"In\u00edcio\",\"item\":\"https:\/\/melhordespachante.com.br\/cidadaniaportuguesa\/\"},{\"@type\":\"ListItem\",\"position\":2,\"name\":\"Outros Servi\u00e7os em Portugal\"}]},{\"@type\":\"WebSite\",\"@id\":\"https:\/\/melhordespachante.com.br\/cidadaniaportuguesa\/#website\",\"url\":\"https:\/\/melhordespachante.com.br\/cidadaniaportuguesa\/\",\"name\":\"Nacionalidade Portuguesa\",\"description\":\"Processo de Nacionalidade e Visto\",\"potentialAction\":[{\"@type\":\"SearchAction\",\"target\":{\"@type\":\"EntryPoint\",\"urlTemplate\":\"https:\/\/melhordespachante.com.br\/cidadaniaportuguesa\/?s={search_term_string}\"},\"query-input\":{\"@type\":\"PropertyValueSpecification\",\"valueRequired\":true,\"valueName\":\"search_term_string\"}}],\"inLanguage\":\"pt-BR\"}]}<\/script>\n<!-- \/ Yoast SEO plugin. -->","yoast_head_json":{"title":"Outros Servi\u00e7os em Portugal - Nacionalidade Portuguesa","description":"Servi\u00e7os Essenciais em Portugal para Brasileiros e Consultoria especializada para visto em Portugal e pedido de cidadania","robots":{"index":"index","follow":"follow","max-snippet":"max-snippet:-1","max-image-preview":"max-image-preview:large","max-video-preview":"max-video-preview:-1"},"canonical":"https:\/\/melhordespachante.com.br\/cidadaniaportuguesa\/outros-servicos-em-portugal\/","og_locale":"pt_BR","og_type":"article","og_title":"Outros Servi\u00e7os em Portugal - Nacionalidade Portuguesa","og_description":"Servi\u00e7os Essenciais em Portugal para Brasileiros e Consultoria especializada para visto em Portugal e pedido de cidadania","og_url":"https:\/\/melhordespachante.com.br\/cidadaniaportuguesa\/outros-servicos-em-portugal\/","og_site_name":"Nacionalidade Portuguesa","article_modified_time":"2025-07-04T15:53:34+00:00","og_image":[{"width":1400,"height":790,"url":"https:\/\/melhordespachante.com.br\/cidadaniaportuguesa\/wp-content\/uploads\/2022\/09\/cidadania-porguesa.jpg","type":"image\/jpeg"}],"twitter_card":"summary_large_image","twitter_misc":{"Est. tempo de leitura":"2 minutos"},"schema":{"@context":"https:\/\/schema.org","@graph":[{"@type":"WebPage","@id":"https:\/\/melhordespachante.com.br\/cidadaniaportuguesa\/outros-servicos-em-portugal\/","url":"https:\/\/melhordespachante.com.br\/cidadaniaportuguesa\/outros-servicos-em-portugal\/","name":"Outros Servi\u00e7os em Portugal - Nacionalidade Portuguesa","isPartOf":{"@id":"https:\/\/melhordespachante.com.br\/cidadaniaportuguesa\/#website"},"primaryImageOfPage":{"@id":"https:\/\/melhordespachante.com.br\/cidadaniaportuguesa\/outros-servicos-em-portugal\/#primaryimage"},"image":{"@id":"https:\/\/melhordespachante.com.br\/cidadaniaportuguesa\/outros-servicos-em-portugal\/#primaryimage"},"thumbnailUrl":"https:\/\/melhordespachante.com.br\/cidadaniaportuguesa\/wp-content\/uploads\/2022\/09\/cidadania-porguesa-1024x578.jpg","datePublished":"2022-09-28T15:58:55+00:00","dateModified":"2025-07-04T15:53:34+00:00","description":"Servi\u00e7os Essenciais em Portugal para Brasileiros e Consultoria especializada para visto em Portugal e pedido de cidadania","breadcrumb":{"@id":"https:\/\/melhordespachante.com.br\/cidadaniaportuguesa\/outros-servicos-em-portugal\/#breadcrumb"},"inLanguage":"pt-BR","potentialAction":[{"@type":"ReadAction","target":["https:\/\/melhordespachante.com.br\/cidadaniaportuguesa\/outros-servicos-em-portugal\/"]}]},{"@type":"ImageObject","inLanguage":"pt-BR","@id":"https:\/\/melhordespachante.com.br\/cidadaniaportuguesa\/outros-servicos-em-portugal\/#primaryimage","url":"https:\/\/melhordespachante.com.br\/cidadaniaportuguesa\/wp-content\/uploads\/2022\/09\/cidadania-porguesa.jpg","contentUrl":"https:\/\/melhordespachante.com.br\/cidadaniaportuguesa\/wp-content\/uploads\/2022\/09\/cidadania-porguesa.jpg","width":1400,"height":790,"caption":"Cidadania Portuguesa"},{"@type":"BreadcrumbList","@id":"https:\/\/melhordespachante.com.br\/cidadaniaportuguesa\/outros-servicos-em-portugal\/#breadcrumb","itemListElement":[{"@type":"ListItem","position":1,"name":"In\u00edcio","item":"https:\/\/melhordespachante.com.br\/cidadaniaportuguesa\/"},{"@type":"ListItem","position":2,"name":"Outros Servi\u00e7os em Portugal"}]},{"@type":"WebSite","@id":"https:\/\/melhordespachante.com.br\/cidadaniaportuguesa\/#website","url":"https:\/\/melhordespachante.com.br\/cidadaniaportuguesa\/","name":"Nacionalidade Portuguesa","description":"Processo de Nacionalidade e Visto","potentialAction":[{"@type":"SearchAction","target":{"@type":"EntryPoint","urlTemplate":"https:\/\/melhordespachante.com.br\/cidadaniaportuguesa\/?s={search_term_string}"},"query-input":{"@type":"PropertyValueSpecification","valueRequired":true,"valueName":"search_term_string"}}],"inLanguage":"pt-BR"}]}},"_links":{"self":[{"href":"https:\/\/melhordespachante.com.br\/cidadaniaportuguesa\/wp-json\/wp\/v2\/pages\/252","targetHints":{"allow":["GET"]}}],"collection":[{"href":"https:\/\/melhordespachante.com.br\/cidadaniaportuguesa\/wp-json\/wp\/v2\/pages"}],"about":[{"href":"https:\/\/melhordespachante.com.br\/cidadaniaportuguesa\/wp-json\/wp\/v2\/types\/page"}],"author":[{"embeddable":true,"href":"https:\/\/melhordespachante.com.br\/cidadaniaportuguesa\/wp-json\/wp\/v2\/users\/1"}],"replies":[{"embeddable":true,"href":"https:\/\/melhordespachante.com.br\/cidadaniaportuguesa\/wp-json\/wp\/v2\/comments?post=252"}],"version-history":[{"count":5,"href":"https:\/\/melhordespachante.com.br\/cidadaniaportuguesa\/wp-json\/wp\/v2\/pages\/252\/revisions"}],"predecessor-version":[{"id":314,"href":"https:\/\/melhordespachante.com.br\/cidadaniaportuguesa\/wp-json\/wp\/v2\/pages\/252\/revisions\/314"}],"wp:attachment":[{"href":"https:\/\/melhordespachante.com.br\/cidadaniaportuguesa\/wp-json\/wp\/v2\/media?parent=252"}],"curies":[{"name":"wp","href":"https:\/\/api.w.org\/{rel}","templated":true}]}}